{"id":30067,"date":"2026-04-03T17:00:17","date_gmt":"2026-04-03T15:00:17","guid":{"rendered":"https:\/\/erard-paysage.ch\/?page_id=30067"},"modified":"2026-04-03T17:49:09","modified_gmt":"2026-04-03T15:49:09","slug":"etudes","status":"publish","type":"page","link":"https:\/\/erard-paysage.ch\/actualite\/etudes\/","title":{"rendered":"\u00e9tudes \u2502 studien"},"content":{"rendered":"<p>[et_pb_section fb_built=\u00a0\u00bb1&Prime; fullwidth=\u00a0\u00bbon\u00a0\u00bb admin_label=\u00a0\u00bbSection\u00a0\u00bb _builder_version=\u00a0\u00bb4.16&Prime; custom_padding=\u00a0\u00bb0px|0px|32px|0px\u00a0\u00bb transparent_background=\u00a0\u00bboff\u00a0\u00bb global_colors_info=\u00a0\u00bb{}\u00a0\u00bb][\/et_pb_section][et_pb_section fb_built=\u00a0\u00bb1&Prime; _builder_version=\u00a0\u00bb4.16&Prime; min_height=\u00a0\u00bb7610.1px\u00a0\u00bb custom_margin=\u00a0\u00bb16px|||||\u00a0\u00bb custom_padding=\u00a0\u00bb0px|0px|0px|0px||\u00a0\u00bb global_colors_info=\u00a0\u00bb{}\u00a0\u00bb][et_pb_row _builder_version=\u00a0\u00bb4.27.4&Prime; _module_preset=\u00a0\u00bbdefault\u00a0\u00bb custom_margin=\u00a0\u00bb|auto|14px|auto||\u00a0\u00bb global_colors_info=\u00a0\u00bb{}\u00a0\u00bb][et_pb_column type=\u00a0\u00bb4_4&Prime; _builder_version=\u00a0\u00bb4.17.4&Prime; _module_preset=\u00a0\u00bbdefault\u00a0\u00bb global_colors_info=\u00a0\u00bb{}\u00a0\u00bb][et_pb_image src=\u00a0\u00bbhttps:\/\/erard-paysage.ch\/wp-content\/uploads\/2025\/08\/MEP-SPiez_HPS_KE_amex-scaled.jpg\u00a0\u00bb title_text=\u00a0\u00bbMEP SPiez_HPS_KE_amex\u00a0\u00bb show_in_lightbox=\u00a0\u00bbon\u00a0\u00bb _builder_version=\u00a0\u00bb4.27.4&Prime; _module_preset=\u00a0\u00bbdefault\u00a0\u00bb global_colors_info=\u00a0\u00bb{}\u00a0\u00bb][\/et_pb_image][et_pb_text _builder_version=\u00a0\u00bb4.27.6&Prime; _module_preset=\u00a0\u00bbdefault\u00a0\u00bb text_font=\u00a0\u00bbhelvetica-web||||||||\u00a0\u00bb min_height=\u00a0\u00bb290.8px\u00a0\u00bb hover_enabled=\u00a0\u00bb0&Prime; global_colors_info=\u00a0\u00bb{}\u00a0\u00bb sticky_enabled=\u00a0\u00bb0&Prime;]<\/p>\n<h3 style=\"text-align: right;\"><strong><span style=\"font-family: inherit;\">Mandat d&rsquo;\u00e9tude parall\u00e8le : Studienauftrag <\/span><\/strong><\/h3>\n<h3 style=\"text-align: right;\"><strong><span style=\"font-family: inherit;\">Schule Erweiterung Spiez<\/span><\/strong><\/h3>\n<p style=\"text-align: right;\"><span style=\"font-family: inherit;\"><strong><\/strong><\/span><\/p>\n<h3 style=\"text-align: right;\"><\/h3>\n<h3 style=\"text-align: right;\"><span style=\"font-family: inherit;\">2025<\/span><\/h3>\n<p style=\"text-align: right;\"><span style=\"font-family: inherit;\"><\/span><\/p>\n<h3 style=\"text-align: right;\">auftraggeber<\/h3>\n<h3 style=\"text-align: right;\">Gemeinde Spiez<\/h3>\n<h3 style=\"text-align: right;\"><\/h3>\n<h3 style=\"text-align: right;\">zusammenarbeit<\/h3>\n<h3 style=\"text-align: right;\">COIS Architectes, Bienne<\/h3>\n<p>&nbsp;<\/p>\n<p>[\/et_pb_text][et_pb_image src=\u00a0\u00bbhttps:\/\/erard-paysage.ch\/wp-content\/uploads\/2025\/08\/plan_Geysried_2025-scaled.jpg\u00a0\u00bb title_text=\u00a0\u00bb_plan_Geysried_2025&Prime; show_in_lightbox=\u00a0\u00bbon\u00a0\u00bb _builder_version=\u00a0\u00bb4.27.4&Prime; _module_preset=\u00a0\u00bbdefault\u00a0\u00bb min_height=\u00a0\u00bb790.3px\u00a0\u00bb global_colors_info=\u00a0\u00bb{}\u00a0\u00bb][\/et_pb_image][et_pb_text _builder_version=\u00a0\u00bb4.27.6&Prime; _module_preset=\u00a0\u00bbdefault\u00a0\u00bb text_font=\u00a0\u00bbhelvetica-web|100|||||||\u00a0\u00bb min_height=\u00a0\u00bb290.8px\u00a0\u00bb hover_enabled=\u00a0\u00bb0&Prime; global_colors_info=\u00a0\u00bb{}\u00a0\u00bb sticky_enabled=\u00a0\u00bb0&Prime;]<\/p>\n<h3 style=\"text-align: right;\"><strong><span style=\"font-family: inherit;\">Mandat d&rsquo;\u00e9tude parall\u00e8le : Studienauftrag <\/span><\/strong><\/h3>\n<h3 style=\"text-align: right;\"><strong><span style=\"font-family: inherit;\">Quartier du Geysried, Bienne<\/span><\/strong><\/h3>\n<p style=\"text-align: right;\"><span style=\"font-family: inherit;\"><\/span><\/p>\n<h3 style=\"text-align: right;\"><\/h3>\n<h3 style=\"text-align: right;\"><span style=\"font-family: inherit;\">2025<\/span><\/h3>\n<p style=\"text-align: right;\"><span style=\"font-family: inherit;\"><\/span><\/p>\n<h3 style=\"text-align: right;\">mandataire<\/h3>\n<h3 style=\"text-align: right;\">Priv\u00e9 et Ville de Bienne<\/h3>\n<h3 style=\"text-align: right;\"><\/h3>\n<h3 style=\"text-align: right;\">collaboration<\/h3>\n<h3 style=\"text-align: right;\">Bauzeit Architectes, Bienne<\/h3>\n<p>&nbsp;<\/p>\n<p>[\/et_pb_text][\/et_pb_column][\/et_pb_row][et_pb_row _builder_version=\u00a0\u00bb4.27.4&Prime; _module_preset=\u00a0\u00bbdefault\u00a0\u00bb custom_margin=\u00a0\u00bb|auto|14px|auto||\u00a0\u00bb global_colors_info=\u00a0\u00bb{}\u00a0\u00bb][et_pb_column type=\u00a0\u00bb4_4&Prime; _builder_version=\u00a0\u00bb4.17.4&Prime; _module_preset=\u00a0\u00bbdefault\u00a0\u00bb global_colors_info=\u00a0\u00bb{}\u00a0\u00bb][et_pb_image src=\u00a0\u00bbhttps:\/\/erard-paysage.ch\/wp-content\/uploads\/2025\/08\/01_METAMORPHOSE_PLANS_reduit1-scaled.jpg\u00a0\u00bb title_text=\u00a0\u00bb01_METAMORPHOSE_PLANS_reduit1&Prime; show_in_lightbox=\u00a0\u00bbon\u00a0\u00bb _builder_version=\u00a0\u00bb4.27.4&Prime; _module_preset=\u00a0\u00bbdefault\u00a0\u00bb global_colors_info=\u00a0\u00bb{}\u00a0\u00bb][\/et_pb_image][et_pb_text _builder_version=\u00a0\u00bb4.27.6&Prime; _module_preset=\u00a0\u00bbdefault\u00a0\u00bb text_font=\u00a0\u00bbhelvetica-web|100|||||||\u00a0\u00bb min_height=\u00a0\u00bb291.2px\u00a0\u00bb hover_enabled=\u00a0\u00bb0&Prime; global_colors_info=\u00a0\u00bb{}\u00a0\u00bb sticky_enabled=\u00a0\u00bb0&Prime;]<\/p>\n<h3 style=\"text-align: right;\"><strong><span style=\"font-family: inherit;\">Mandat d&rsquo;\u00e9tude parall\u00e8le : Studienauftrag <\/span><\/strong><\/h3>\n<h3 style=\"text-align: right;\"><strong><span style=\"font-family: inherit;\">Quartier des Eplatures, L&rsquo;ancienne scierie <\/span><\/strong><\/h3>\n<h3 style=\"text-align: right;\"><strong><span style=\"font-family: inherit;\">La Chaux-de-Fonds<\/span><\/strong><\/h3>\n<p><span style=\"font-family: inherit;\"><\/span><\/p>\n<h3 style=\"text-align: right;\"><span style=\"font-family: inherit;\">2025<\/span><\/h3>\n<p style=\"text-align: right;\"><span style=\"font-family: inherit;\"><\/span><\/p>\n<h3 style=\"text-align: right;\">mandataire<\/h3>\n<h3 style=\"text-align: right;\">Priv\u00e9<\/h3>\n<h3 style=\"text-align: right;\"><\/h3>\n<p>&nbsp;<\/p>\n<p>[\/et_pb_text][\/et_pb_column][\/et_pb_row][et_pb_row _builder_version=\u00a0\u00bb4.27.4&Prime; _module_preset=\u00a0\u00bbdefault\u00a0\u00bb global_colors_info=\u00a0\u00bb{}\u00a0\u00bb][et_pb_column type=\u00a0\u00bb4_4&Prime; _builder_version=\u00a0\u00bb4.27.4&Prime; _module_preset=\u00a0\u00bbdefault\u00a0\u00bb global_colors_info=\u00a0\u00bb{}\u00a0\u00bb][\/et_pb_column][\/et_pb_row][et_pb_row _builder_version=\u00a0\u00bb4.17.4&Prime; _module_preset=\u00a0\u00bbdefault\u00a0\u00bb min_height=\u00a0\u00bb381.1px\u00a0\u00bb global_colors_info=\u00a0\u00bb{}\u00a0\u00bb][et_pb_column type=\u00a0\u00bb4_4&Prime; _builder_version=\u00a0\u00bb4.17.4&Prime; _module_preset=\u00a0\u00bbdefault\u00a0\u00bb global_colors_info=\u00a0\u00bb{}\u00a0\u00bb][et_pb_image src=\u00a0\u00bbhttps:\/\/erard-paysage.ch\/wp-content\/uploads\/2025\/08\/MEP_jardins-communautaires-1.jpg\u00a0\u00bb title_text=\u00a0\u00bbMEP_jardins communautaires\u00a0\u00bb _builder_version=\u00a0\u00bb4.27.4&Prime; _module_preset=\u00a0\u00bbdefault\u00a0\u00bb global_colors_info=\u00a0\u00bb{}\u00a0\u00bb][\/et_pb_image][et_pb_text _builder_version=\u00a0\u00bb4.27.6&Prime; _module_preset=\u00a0\u00bbdefault\u00a0\u00bb text_font=\u00a0\u00bbhelvetica-web|100|||||||\u00a0\u00bb min_height=\u00a0\u00bb290.8px\u00a0\u00bb global_colors_info=\u00a0\u00bb{}\u00a0\u00bb]<\/p>\n<h3 style=\"text-align: right;\"><strong><span style=\"font-family: inherit;\">Mandat d&rsquo;\u00e9tude parall\u00e8le : Studienauftrag <\/span><\/strong><\/h3>\n<h3 style=\"text-align: right;\"><strong><span style=\"font-family: inherit;\">Plateau de la gare, Boudry<\/span><\/strong><\/h3>\n<p style=\"text-align: right;\"><span style=\"font-family: inherit;\"><\/span><\/p>\n<h3 style=\"text-align: right;\"><\/h3>\n<h3 style=\"text-align: right;\"><span style=\"font-family: inherit;\">2024<\/span><\/h3>\n<p style=\"text-align: right;\"><span style=\"font-family: inherit;\"><\/span><\/p>\n<h3 style=\"text-align: right;\">mandataire<\/h3>\n<h3 style=\"text-align: right;\">Ville et Commune de Boudry<\/h3>\n<h3 style=\"text-align: right;\"><\/h3>\n<h3 style=\"text-align: right;\">collaboration<\/h3>\n<h3 style=\"text-align: right;\">frundgallina, Neuch\u00e2tel<\/h3>\n<p>&nbsp;<\/p>\n<p>[\/et_pb_text][\/et_pb_column][\/et_pb_row][\/et_pb_section]<\/p>\n","protected":false},"excerpt":{"rendered":"<p>Mandat d&rsquo;\u00e9tude parall\u00e8le : Studienauftrag Schule Erweiterung Spiez 2025 auftraggeber Gemeinde Spiez zusammenarbeit COIS Architectes, Bienne &nbsp;Mandat d&rsquo;\u00e9tude parall\u00e8le : Studienauftrag Quartier du Geysried, Bienne 2025 mandataire Priv\u00e9 et Ville de Bienne collaboration Bauzeit Architectes, Bienne &nbsp;Mandat d&rsquo;\u00e9tude parall\u00e8le : Studienauftrag Quartier des Eplatures, L&rsquo;ancienne scierie La Chaux-de-Fonds 2025 mandataire Priv\u00e9 &nbsp;Mandat d&rsquo;\u00e9tude parall\u00e8le : [&hellip;]<\/p>\n","protected":false},"author":1,"featured_media":0,"parent":0,"menu_order":0,"comment_status":"closed","ping_status":"closed","template":"","meta":{"_et_pb_use_builder":"on","_et_pb_old_content":"","_et_gb_content_width":"","footnotes":""},"class_list":["post-30067","page","type-page","status-publish","hentry"],"_links":{"self":[{"href":"https:\/\/erard-paysage.ch\/actualite\/wp-json\/wp\/v2\/pages\/30067","targetHints":{"allow":["GET"]}}],"collection":[{"href":"https:\/\/erard-paysage.ch\/actualite\/wp-json\/wp\/v2\/pages"}],"about":[{"href":"https:\/\/erard-paysage.ch\/actualite\/wp-json\/wp\/v2\/types\/page"}],"author":[{"embeddable":true,"href":"https:\/\/erard-paysage.ch\/actualite\/wp-json\/wp\/v2\/users\/1"}],"replies":[{"embeddable":true,"href":"https:\/\/erard-paysage.ch\/actualite\/wp-json\/wp\/v2\/comments?post=30067"}],"version-history":[{"count":14,"href":"https:\/\/erard-paysage.ch\/actualite\/wp-json\/wp\/v2\/pages\/30067\/revisions"}],"predecessor-version":[{"id":30265,"href":"https:\/\/erard-paysage.ch\/actualite\/wp-json\/wp\/v2\/pages\/30067\/revisions\/30265"}],"wp:attachment":[{"href":"https:\/\/erard-paysage.ch\/actualite\/wp-json\/wp\/v2\/media?parent=30067"}],"curies":[{"name":"wp","href":"https:\/\/api.w.org\/{rel}","templated":true}]}}